{"id":8354,"date":"2024-01-10T15:25:31","date_gmt":"2024-01-10T13:25:31","guid":{"rendered":"http:\/\/ederaworking.com\/?page_id=8354"},"modified":"2024-01-15T13:30:16","modified_gmt":"2024-01-15T11:30:16","slug":"cookie-richtlinie","status":"publish","type":"page","link":"https:\/\/ederaworking.com\/de\/cookie-richtlinie","title":{"rendered":"Cookie-Richtlinie"},"content":{"rendered":"<div data-elementor-type=\"wp-page\" data-elementor-id=\"8354\" class=\"elementor elementor-8354\" data-elementor-post-type=\"page\">\n\t\t\t\t\t\t<section class=\"elementor-section elementor-top-section elementor-element elementor-element-2cefa76 elementor-section-boxed elementor-section-height-default elementor-section-height-default\" data-id=\"2cefa76\" data-element_type=\"section\" id=\"serveis\">\n\t\t\t\t\t\t<div class=\"elementor-container elementor-column-gap-default\">\n\t\t\t\t\t<div class=\"elementor-column elementor-col-100 elementor-top-column elementor-element elementor-element-0c8a7a6\" data-id=\"0c8a7a6\" data-element_type=\"column\">\n\t\t\t<div class=\"elementor-widget-wrap elementor-element-populated\">\n\t\t\t\t\t\t<div class=\"elementor-element elementor-element-32e0d22 elementor-widget elementor-widget-spacer\" data-id=\"32e0d22\" data-element_type=\"widget\" data-widget_type=\"spacer.default\">\n\t\t\t\t<div class=\"elementor-widget-container\">\n\t\t\t\t\t\t\t<div class=\"elementor-spacer\">\n\t\t\t<div class=\"elementor-spacer-inner\"><\/div>\n\t\t<\/div>\n\t\t\t\t\t\t<\/div>\n\t\t\t\t<\/div>\n\t\t\t\t\t<\/div>\n\t\t<\/div>\n\t\t\t\t\t<\/div>\n\t\t<\/section>\n\t\t\t\t<section class=\"elementor-section elementor-top-section elementor-element elementor-element-c4931b1 elementor-section-boxed elementor-section-height-default elementor-section-height-default elementor-invisible\" data-id=\"c4931b1\" data-element_type=\"section\" data-settings=\"{&quot;animation&quot;:&quot;fadeInUp&quot;}\">\n\t\t\t\t\t\t<div class=\"elementor-container elementor-column-gap-default\">\n\t\t\t\t\t<div class=\"elementor-column elementor-col-100 elementor-top-column elementor-element elementor-element-56f0471\" data-id=\"56f0471\" data-element_type=\"column\">\n\t\t\t<div class=\"elementor-widget-wrap elementor-element-populated\">\n\t\t\t\t\t\t<div class=\"elementor-element elementor-element-c1b25d4 a-tabletcenter aleft elementor-widget elementor-widget-wgl-double-heading\" data-id=\"c1b25d4\" data-element_type=\"widget\" data-widget_type=\"wgl-double-heading.default\">\n\t\t\t\t<div class=\"elementor-widget-container\">\n\t\t\t\t\t<div class=\"wgl-double-heading\"><h3 class=\"dblh__title-wrapper\"><span class=\"dblh__title dblh__title-1\">Cookie-Richtlinie<\/span><\/h3><\/div>\t\t\t\t<\/div>\n\t\t\t\t<\/div>\n\t\t\t\t<div class=\"elementor-element elementor-element-c70e89a elementor-widget elementor-widget-spacer\" data-id=\"c70e89a\" data-element_type=\"widget\" data-widget_type=\"spacer.default\">\n\t\t\t\t<div class=\"elementor-widget-container\">\n\t\t\t\t\t\t\t<div class=\"elementor-spacer\">\n\t\t\t<div class=\"elementor-spacer-inner\"><\/div>\n\t\t<\/div>\n\t\t\t\t\t\t<\/div>\n\t\t\t\t<\/div>\n\t\t\t\t<div class=\"elementor-element elementor-element-596a972 elementor-widget elementor-widget-text-editor\" data-id=\"596a972\" data-element_type=\"widget\" data-widget_type=\"text-editor.default\">\n\t\t\t\t<div class=\"elementor-widget-container\">\n\t\t\t\t\t\t\t\t\t<p><strong>Was sind Cookies?<br><\/strong>Cookies und andere \u00e4hnliche Technologien, wie etwa Local Shared Objects, Flash-Cookies oder Pixel, sind Tools, die von Webservern verwendet werden, um Informationen \u00fcber ihre Besucher zu speichern und abzurufen sowie um das ordnungsgem\u00e4\u00dfe Funktionieren der Website zu gew\u00e4hrleisten.<\/p>\n<p>Durch die Verwendung dieser Ger\u00e4te kann sich der Webserver einige Daten \u00fcber den Benutzer merken, z. B. seine Pr\u00e4ferenzen f\u00fcr die Anzeige der Seiten dieses Servers, Name und Passwort, Produkte, die ihn am meisten interessieren usw.<br>Durch die Verordnung akzeptierte und ausgenommene Cookies<\/p>\n<p>Gem\u00e4\u00df der EU-Richtlinie handelt es sich bei den Cookies, f\u00fcr die eine informierte Zustimmung des Nutzers erforderlich ist, um analytische Cookies sowie um Werbe- und Affiliate-Cookies. Ausdr\u00fccklich ausgeschlossen sind Cookies technischer Natur und f\u00fcr den Betrieb der Website oder die Bereitstellung von Diensten erforderliche Dienste vom Benutzer angefordert.<\/p>\n<p><strong>Arten von COOKIES<br><\/strong>Dem Zweck entsprechend<\/p>\n<p>Technische und funktionale Cookies: Sie erm\u00f6glichen dem Benutzer die Navigation durch eine Webseite, Plattform oder Anwendung und die Nutzung der verschiedenen verf\u00fcgbaren Optionen oder Dienste.<\/p>\n<p>Analyse-Cookies: Sie erm\u00f6glichen es dem Verantwortlichen, das Verhalten der Nutzer der Websites, mit denen sie verlinkt sind, zu \u00fcberwachen und zu analysieren. Die durch diese Art von Cookies gesammelten Informationen werden verwendet, um die Aktivit\u00e4t der Websites, Anwendungen oder Plattformen zu messen und Navigationsprofile der Benutzer dieser Websites, Anwendungen und Plattformen zu erstellen, um auf der Grundlage der Analyse der Nutzungsdaten Verbesserungen einzuf\u00fchren von den Nutzern des Dienstes erstellt.<\/p>\n<p>Werbe-Cookies: Dabei handelt es sich um solche, die es erm\u00f6glichen, die Werbefl\u00e4chen, die der Herausgeber gegebenenfalls in eine Webseite, Anwendung oder Plattform, von der aus er den angeforderten Dienst bereitstellt, nach Kriterien wie z. B. eingef\u00fcgt hat, so effektiv wie m\u00f6glich zu verwalten der bearbeitete Inhalt oder die H\u00e4ufigkeit, mit der die Anzeigen geschaltet werden.<\/p>\n<p>Verhaltensbezogene Werbe-Cookies: Sie sammeln Informationen \u00fcber die Pr\u00e4ferenzen und pers\u00f6nlichen Entscheidungen des Benutzers (Retargeting), um eine m\u00f6glichst effektive Verwaltung der Werbefl\u00e4chen zu erm\u00f6glichen, die der Herausgeber gegebenenfalls auf einer Webseite, Anwendung oder Plattform eingebunden hat die gew\u00fcnschte Leistung erbracht wird.<\/p>\n<p>Soziale Cookies: Hierbei handelt es sich um Cookies, die von Social-Networking-Plattformen auf den Diensten installiert wurden, damit Sie Inhalte mit Ihren Freunden und Netzwerken teilen k\u00f6nnen. Social-Media-Plattformen haben die M\u00f6glichkeit, Ihre Online-Aktivit\u00e4ten au\u00dferhalb der Dienste zu verfolgen. Dies kann sich auf die Inhalte und Nachrichten auswirken, die Sie auf anderen von Ihnen besuchten Diensten sehen.<\/p>\n<p>Affiliate-Cookies: erm\u00f6glichen es Ihnen, Besuche von anderen Websites zu verfolgen, mit denen die Website einen Affiliate-Vertrag abschlie\u00dft (Affiliate-Unternehmen).<\/p>\n<p>Sicherheitscookies: Sie speichern verschl\u00fcsselte Informationen, um zu verhindern, dass die dort gespeicherten Daten b\u00f6swilligen Angriffen Dritter ausgesetzt sind.<\/p>\n<p>Laut der Immobilie<\/p>\n<p>Eigene Cookies: Sie werden von einem Computer oder einer Dom\u00e4ne, die vom Herausgeber selbst verwaltet wird und von dem aus der vom Benutzer angeforderte Dienst bereitgestellt wird, an das Endger\u00e4t des Benutzers gesendet.<\/p>\n<p>Cookies von Drittanbietern: Sie werden von einem Computer oder einer Dom\u00e4ne, die nicht vom Herausgeber verwaltet wird, sondern von einer anderen Stelle, die die durch Cookies erhaltenen Daten verarbeitet, an das Endger\u00e4t des Benutzers gesendet.<\/p>\n<p>Nach der Erhaltungsdauer<\/p>\n<p>Sitzungscookies: Hierbei handelt es sich um eine Art von Cookies, die dazu dienen, Daten zu erfassen und zu speichern, w\u00e4hrend der Benutzer auf eine Webseite zugreift.<\/p>\n<p>Permanente Cookies: Hierbei handelt es sich um eine Art von Cookies, bei denen die Daten weiterhin im Endger\u00e4t gespeichert werden und w\u00e4hrend eines vom Cookie-Verantwortlichen festgelegten Zeitraums, der von einigen Minuten bis zu mehreren Jahren dauern kann, abgerufen und verarbeitet werden k\u00f6nnen.<\/p>\n<p><strong>Verarbeitung personenbezogener Daten<br><\/strong>Mart\u00ed Morales ist der Verantwortliche f\u00fcr die Verarbeitung der personenbezogenen Daten des Interessenten und teilt ihm mit, dass diese Daten gem\u00e4\u00df den Bestimmungen der Verordnung (EU) 2016\/679 vom 27. April 2016 (DSGVO) verarbeitet werden Folgende Behandlungsinformationen werden Ihnen zur Verf\u00fcgung gestellt:<\/p>\n<p>Behandlungszwecke: wie im Abschnitt \u00fcber die auf dieser Website verwendeten Cookies angegeben.<\/p>\n<p>Legitimation der Verarbeitung: au\u00dfer in F\u00e4llen, in denen dies zum Surfen im Internet erforderlich ist, mit Zustimmung des Interessenten (Art. 6.1 DSGVO).<\/p>\n<p>Kriterien f\u00fcr die Datenaufbewahrung: wie im Abschnitt \u00fcber die auf der Website verwendeten Cookies angegeben.<\/p>\n<p>Weitergabe der Daten: Die Daten werden nicht an Dritte weitergegeben, au\u00dfer in Cookies, die Eigentum Dritter sind oder aufgrund einer gesetzlichen Verpflichtung.<\/p>\n<p>Rechte des Interessenten:<\/p>\n<p>Recht, die Einwilligung jederzeit zu widerrufen.<br>Recht auf Zugang, Berichtigung, \u00dcbertragbarkeit und L\u00f6schung Ihrer Daten sowie Einschr\u00e4nkung oder Widerspruch gegen deren Verarbeitung.<br>Das Recht, eine Beschwerde bei der Kontrollbeh\u00f6rde (www.aepd.es) einzureichen, wenn Sie der Meinung sind, dass die Behandlung nicht den geltenden Vorschriften entspricht.<\/p>\n<p>Kontaktdaten zur Aus\u00fcbung Ihrer Rechte:<\/p>\n<p>Ederahelix Books SL \u2013 Masia Cal Papiol s\/n La Bleda 08731 Sant Mart\u00ed Sarroca. E-Mail: hola@ederaworking.com<\/p>\n<p><b>Cookies von Drittanbietern<\/b><\/p>\n<p>Die Dienste Dritter unterliegen nicht der Kontrolle des Herausgebers. Die Anbieter k\u00f6nnen ihre Nutzungsbedingungen, den Zweck und die Verwendung von Cookies usw. jederzeit \u00e4ndern.<\/p>\n<p>Drittanbieter dieser Website:<\/p>\n<p>Facebook <a href=\"https:\/\/www.facebook.com\/about\/privacy\/\" target=\"_blank\" rel=\"noopener\">https:\/\/www.facebook.com\/about\/privacy\/<\/a><\/p>\n<p>Facebook <a href=\"https:\/\/www.facebook.com\/policies\/cookies\/\" target=\"_blank\" rel=\"noopener\">https:\/\/www.facebook.com\/policies\/cookies\/<\/a><\/p>\n<p><b>So verwalten Sie Browser-Cookies<\/b><\/p>\n<p>Cookies vom Ger\u00e4t l\u00f6schen: Cookies, die sich bereits auf einem Ger\u00e4t befinden, k\u00f6nnen durch L\u00f6schen des Browserverlaufs gel\u00f6scht werden, sodass Cookies von allen besuchten Websites gel\u00f6scht werden. Es kann jedoch auch sein, dass Sie einige Ihrer gespeicherten Informationen verlieren (z. B. Anmeldedaten oder Website-Einstellungen).<\/p>\n<p>Site-spezifische Cookies verwalten: Um eine genauere Kontrolle \u00fcber site-spezifische Cookies zu haben, k\u00f6nnen Benutzer ihre Datenschutz- und Cookie-Einstellungen im Browser anpassen.<\/p>\n<p>Cookies blockieren: Obwohl die meisten modernen Browser so konfiguriert werden k\u00f6nnen, dass die Installation von Cookies auf Ger\u00e4ten verhindert wird, kann dies dazu f\u00fchren, dass Sie bei jedem Besuch einer Website oder Seite bestimmte Einstellungen manuell anpassen m\u00fcssen. Dar\u00fcber hinaus funktionieren einige Dienste und Funktionen m\u00f6glicherweise nicht ordnungsgem\u00e4\u00df (z. B. Profilanmeldungen).<\/p>\n<p><strong>So l\u00f6schen Sie Cookies aus dem Browser<\/strong><\/p>\n<p>Chrom <a href=\"http:\/\/support.google.com\/chrome\/answer\/95647?hl=es\" target=\"_blank\" rel=\"noopener\">http:\/\/support.google.com\/chrome\/answer\/95647?hl=es<\/a><\/p>\n<p>Rand <a href=\"https:\/\/support.microsoft.com\/es-es\/microsoft-edge\/eliminar-las-cookies-en-microsoft-edge-63947406-40ac-c3b8-57b9-2a946a29ae09\" target=\"_blank\" rel=\"noopener\">https:\/\/support.microsoft.com\/es-es\/microsoft-edge\/eliminar-las-cookies-en-microsoft-edge-63947406-40ac-c3b8-57b9-2a946a29ae09<\/a><\/p>\n<p>Forscher <a href=\"https:\/\/support.microsoft.com\/es-es\/help\/278835\/how-to-delete-cookie-files-in-internet-explorer\" target=\"_blank\" rel=\"noopener\">https:\/\/support.microsoft.com\/es-es\/help\/278835\/how-to-delete-cookie-files-in-internet-explorer<\/a><\/p>\n<p>Firefox <a href=\"https:\/\/www.mozilla.org\/es-ES\/privacy\/websites\/#cookies\" target=\"_blank\" rel=\"noopener\">https:\/\/www.mozilla.org\/es-ES\/privacy\/websites\/#cookies<\/a><\/p>\n<p>Safari <a href=\"https:\/\/support.apple.com\/es-es\/guide\/safari\/sfri11471\/mac\" target=\"_blank\" rel=\"noopener\">https:\/\/support.apple.com\/es-es\/guide\/safari\/sfri11471\/mac<\/a><\/p>\t\t\t\t\t\t\t\t<\/div>\n\t\t\t\t<\/div>\n\t\t\t\t<div class=\"elementor-element elementor-element-679d929 elementor-widget elementor-widget-spacer\" data-id=\"679d929\" data-element_type=\"widget\" data-widget_type=\"spacer.default\">\n\t\t\t\t<div class=\"elementor-widget-container\">\n\t\t\t\t\t\t\t<div class=\"elementor-spacer\">\n\t\t\t<div class=\"elementor-spacer-inner\"><\/div>\n\t\t<\/div>\n\t\t\t\t\t\t<\/div>\n\t\t\t\t<\/div>\n\t\t\t\t\t<\/div>\n\t\t<\/div>\n\t\t\t\t\t<\/div>\n\t\t<\/section>\n\t\t\t\t<\/div>","protected":false},"excerpt":{"rendered":"<p>Cookie-Richtlinie Was sind Cookies? Cookies und andere \u00e4hnliche Technologien wie Local Shared Objects, Flash-Cookies oder Pixel sind Tools, die von Webservern verwendet werden, um Informationen \u00fcber ihre Besucher zu speichern und abzurufen und um das ordnungsgem\u00e4\u00dfe Funktionieren der Website sicherzustellen. Durch die Verwendung dieser Ger\u00e4te wird dem Webserver erm\u00f6glicht, sich [...]<\/p>","protected":false},"author":3,"featured_media":0,"parent":0,"menu_order":0,"comment_status":"closed","ping_status":"closed","template":"","meta":{"_joinchat":[],"footnotes":""},"class_list":["post-8354","page","type-page","status-publish","hentry"],"_links":{"self":[{"href":"https:\/\/ederaworking.com\/de\/wp-json\/wp\/v2\/pages\/8354","targetHints":{"allow":["GET"]}}],"collection":[{"href":"https:\/\/ederaworking.com\/de\/wp-json\/wp\/v2\/pages"}],"about":[{"href":"https:\/\/ederaworking.com\/de\/wp-json\/wp\/v2\/types\/page"}],"author":[{"embeddable":true,"href":"https:\/\/ederaworking.com\/de\/wp-json\/wp\/v2\/users\/3"}],"replies":[{"embeddable":true,"href":"https:\/\/ederaworking.com\/de\/wp-json\/wp\/v2\/comments?post=8354"}],"version-history":[{"count":5,"href":"https:\/\/ederaworking.com\/de\/wp-json\/wp\/v2\/pages\/8354\/revisions"}],"predecessor-version":[{"id":9579,"href":"https:\/\/ederaworking.com\/de\/wp-json\/wp\/v2\/pages\/8354\/revisions\/9579"}],"wp:attachment":[{"href":"https:\/\/ederaworking.com\/de\/wp-json\/wp\/v2\/media?parent=8354"}],"curies":[{"name":"wp","href":"https:\/\/api.w.org\/{rel}","templated":true}]}}