{"id":8328,"date":"2024-01-10T14:48:30","date_gmt":"2024-01-10T12:48:30","guid":{"rendered":"http:\/\/ederaworking.com\/?page_id=8328"},"modified":"2024-01-15T13:30:57","modified_gmt":"2024-01-15T11:30:57","slug":"aviso-legal","status":"publish","type":"page","link":"https:\/\/ederaworking.com\/es\/aviso-legal","title":{"rendered":"Aviso legal"},"content":{"rendered":"<div data-elementor-type=\"wp-page\" data-elementor-id=\"8328\" class=\"elementor elementor-8328\" data-elementor-post-type=\"page\">\n\t\t\t\t\t\t<section class=\"elementor-section elementor-top-section elementor-element elementor-element-2cefa76 elementor-section-boxed elementor-section-height-default elementor-section-height-default\" data-id=\"2cefa76\" data-element_type=\"section\" id=\"serveis\">\n\t\t\t\t\t\t<div class=\"elementor-container elementor-column-gap-default\">\n\t\t\t\t\t<div class=\"elementor-column elementor-col-100 elementor-top-column elementor-element elementor-element-0c8a7a6\" data-id=\"0c8a7a6\" data-element_type=\"column\">\n\t\t\t<div class=\"elementor-widget-wrap elementor-element-populated\">\n\t\t\t\t\t\t<div class=\"elementor-element elementor-element-32e0d22 elementor-widget elementor-widget-spacer\" data-id=\"32e0d22\" data-element_type=\"widget\" data-widget_type=\"spacer.default\">\n\t\t\t\t<div class=\"elementor-widget-container\">\n\t\t\t\t\t\t\t<div class=\"elementor-spacer\">\n\t\t\t<div class=\"elementor-spacer-inner\"><\/div>\n\t\t<\/div>\n\t\t\t\t\t\t<\/div>\n\t\t\t\t<\/div>\n\t\t\t\t\t<\/div>\n\t\t<\/div>\n\t\t\t\t\t<\/div>\n\t\t<\/section>\n\t\t\t\t<section class=\"elementor-section elementor-top-section elementor-element elementor-element-c4931b1 elementor-section-boxed elementor-section-height-default elementor-section-height-default elementor-invisible\" data-id=\"c4931b1\" data-element_type=\"section\" data-settings=\"{&quot;animation&quot;:&quot;fadeInUp&quot;}\">\n\t\t\t\t\t\t<div class=\"elementor-container elementor-column-gap-default\">\n\t\t\t\t\t<div class=\"elementor-column elementor-col-100 elementor-top-column elementor-element elementor-element-56f0471\" data-id=\"56f0471\" data-element_type=\"column\">\n\t\t\t<div class=\"elementor-widget-wrap elementor-element-populated\">\n\t\t\t\t\t\t<div class=\"elementor-element elementor-element-c1b25d4 a-tabletcenter aleft elementor-widget elementor-widget-wgl-double-heading\" data-id=\"c1b25d4\" data-element_type=\"widget\" data-widget_type=\"wgl-double-heading.default\">\n\t\t\t\t<div class=\"elementor-widget-container\">\n\t\t\t\t\t<div class=\"wgl-double-heading\"><h3 class=\"dblh__title-wrapper\"><span class=\"dblh__title dblh__title-1\">Aviso legal<\/span><\/h3><\/div>\t\t\t\t<\/div>\n\t\t\t\t<\/div>\n\t\t\t\t<div class=\"elementor-element elementor-element-c70e89a elementor-widget elementor-widget-spacer\" data-id=\"c70e89a\" data-element_type=\"widget\" data-widget_type=\"spacer.default\">\n\t\t\t\t<div class=\"elementor-widget-container\">\n\t\t\t\t\t\t\t<div class=\"elementor-spacer\">\n\t\t\t<div class=\"elementor-spacer-inner\"><\/div>\n\t\t<\/div>\n\t\t\t\t\t\t<\/div>\n\t\t\t\t<\/div>\n\t\t\t\t<div class=\"elementor-element elementor-element-596a972 elementor-widget elementor-widget-text-editor\" data-id=\"596a972\" data-element_type=\"widget\" data-widget_type=\"text-editor.default\">\n\t\t\t\t<div class=\"elementor-widget-container\">\n\t\t\t\t\t\t\t\t\t<p><strong>Identificaci\u00f3n<br><\/strong>En cumplimiento con el deber de informaci\u00f3n recogido en el art\u00edculo 10 de la Ley 34\/2002, de 11 de julio, de Servicios de la Sociedad de la Informaci\u00f3n y del Comercio Electr\u00f3nico, Mart\u00ed Morales, le informa que los datos aqu\u00ed consignadas corresponden a la entidad titular del sitio web ederaworking.com.<\/p>\n<p>Denominaci\u00f3n: Ederahelix Books SL<br>CIF: B64651730<br>Domicilio: Mas\u00eda Cal Papiol s\/n La Bleda 08731 Sant Mart\u00ed Sarroca<br>Email: hola@ederaworking.com<br><\/p>\n<p><strong>Propiedad intelectual e industrial<br><\/strong>Todos los derechos de Propiedad Industrial e Intelectual de la totalidad de elementos contenidos en este sitio web, incluidas las marcas comerciales, formatos, dise\u00f1os gr\u00e1ficos, textos, im\u00e1genes y documentos, pertenecen a Mart\u00ed Morales y est\u00e1n protegidos por las leyes espa\u00f1olas e internacionales sobre propiedad intelectual e industrial. Queda expresamente prohibida la reproducci\u00f3n total o parcial de este sitio Web y de cualquiera de sus contenidos sin el premio expreso y por escrito de Mart\u00ed Morales El acceso al sitio web no implica ning\u00fan tipo de renuncia, transmisi\u00f3n, licencia o cesi\u00f3n de derechos por parte de Mart\u00ed Morales, salvo que se establezca expresamente lo contrario.<\/p>\n<p><strong>Condiciones de uso<br><\/strong>El acceso a este sitio Web implica la aceptaci\u00f3n de estas condiciones de uso sin reservas, que regulan el acceso y la utilizaci\u00f3n del mismo con el fin de poner a disposici\u00f3n de los usuarios informaci\u00f3n sobre nuestros productos.<br>Se proh\u00edbe expresamente la utilizaci\u00f3n de los contenidos de este sitio Web con fines comerciales o para su distribuci\u00f3n, transformaci\u00f3n o comunicaci\u00f3n.<br>Mart\u00ed Morales, no responder\u00e1 de ninguna consecuencia, da\u00f1o o perjuicio que pueda derivarse de esa utilizaci\u00f3n o uso de la informaci\u00f3n.<br>Tanto el acceso a esta Web como el uso que pueda hacerse de la informaci\u00f3n contenida en ella es de la exclusiva responsabilidad de quien lo realiza.<br>El usuario se obliga a no utilizar la informaci\u00f3n que se publica en esta Web con fines o efectos il\u00edcitos o lesivos, a no hacer<br>estropear o inutilizar la informaci\u00f3n ya no llevar a cabo ninguna otra acci\u00f3n que pueda ser contraria al contenido de este Aviso Legal.<br>Mart\u00ed Morales no puede asegurar la inexistencia de interrupciones o fallos en el acceso a este sitio WEB, aunque pondr\u00e1 todos los esfuerzos para evitarlos.<\/p>\n<p><strong>Enlaces a otras webs<br><\/strong>Los enlaces (links) que pueda encontrar en esta Web son un servicio a los usuarios. Estas p\u00e1ginas no son operadas ni controladas por Mart\u00ed Morales, por eso, no se hace responsable de los contenidos de estos sitios Web ni est\u00e1n cubiertas por el presente Aviso Legal. Si accede a estas p\u00e1ginas Web deber\u00e1 tener en cuenta que sus pol\u00edticas de privacidad pueden ser diferentes a la nuestra.<\/p>\n<p><strong>Legislaci\u00f3n aplicable y competencia jurisdiccional<br><\/strong>Estas condiciones se regir\u00e1n o interpretar\u00e1n conforme a la legislaci\u00f3n espa\u00f1ola en lo que no est\u00e9 expresamente establecido. Las partes acuerdan someter a los Juzgados y Tribunales del domicilio del consumidor cualquier controversia que pudiera suscitarse de la prestaci\u00f3n de los productos o servicios objeto de estas Condiciones. En caso de que el consumidor tenga su domicilio fuera de Espa\u00f1a, las Partes renuncian expresamente a cualquier otro foro, someti\u00e9ndose a los Juzgados y Tribunales m\u00e1s cercanos a la poblaci\u00f3n de Vilafranca del Pened\u00e8s.<\/p>\t\t\t\t\t\t\t\t<\/div>\n\t\t\t\t<\/div>\n\t\t\t\t<div class=\"elementor-element elementor-element-679d929 elementor-widget elementor-widget-spacer\" data-id=\"679d929\" data-element_type=\"widget\" data-widget_type=\"spacer.default\">\n\t\t\t\t<div class=\"elementor-widget-container\">\n\t\t\t\t\t\t\t<div class=\"elementor-spacer\">\n\t\t\t<div class=\"elementor-spacer-inner\"><\/div>\n\t\t<\/div>\n\t\t\t\t\t\t<\/div>\n\t\t\t\t<\/div>\n\t\t\t\t\t<\/div>\n\t\t<\/div>\n\t\t\t\t\t<\/div>\n\t\t<\/section>\n\t\t\t\t<\/div>","protected":false},"excerpt":{"rendered":"<p>Aviso legal Identificaci\u00f3nEn cumplimiento con el deber de informaci\u00f3n recogido en el art\u00edculo 10 de la Ley 34\/2002, de 11 de julio, de Servicios de la Sociedad de la Informaci\u00f3n y del Comercio Electr\u00f3nico, Mart\u00ed Morales, le informa que las datos aqu\u00ed consignados corresponden a la entidad titular del sitio web ederaworking.com. Denominaci\u00f3n: Ederahelix Books SLCIF: B64651730Domicilio: Masia Cal Papiol s\/n [\u2026]<\/p>","protected":false},"author":3,"featured_media":0,"parent":0,"menu_order":0,"comment_status":"closed","ping_status":"closed","template":"","meta":{"_joinchat":[],"footnotes":""},"class_list":["post-8328","page","type-page","status-publish","hentry"],"_links":{"self":[{"href":"https:\/\/ederaworking.com\/es\/wp-json\/wp\/v2\/pages\/8328","targetHints":{"allow":["GET"]}}],"collection":[{"href":"https:\/\/ederaworking.com\/es\/wp-json\/wp\/v2\/pages"}],"about":[{"href":"https:\/\/ederaworking.com\/es\/wp-json\/wp\/v2\/types\/page"}],"author":[{"embeddable":true,"href":"https:\/\/ederaworking.com\/es\/wp-json\/wp\/v2\/users\/3"}],"replies":[{"embeddable":true,"href":"https:\/\/ederaworking.com\/es\/wp-json\/wp\/v2\/comments?post=8328"}],"version-history":[{"count":5,"href":"https:\/\/ederaworking.com\/es\/wp-json\/wp\/v2\/pages\/8328\/revisions"}],"predecessor-version":[{"id":9582,"href":"https:\/\/ederaworking.com\/es\/wp-json\/wp\/v2\/pages\/8328\/revisions\/9582"}],"wp:attachment":[{"href":"https:\/\/ederaworking.com\/es\/wp-json\/wp\/v2\/media?parent=8328"}],"curies":[{"name":"wp","href":"https:\/\/api.w.org\/{rel}","templated":true}]}}