{"id":8348,"date":"2024-01-10T15:17:17","date_gmt":"2024-01-10T13:17:17","guid":{"rendered":"http:\/\/ederaworking.com\/?page_id=8348"},"modified":"2024-01-15T13:48:39","modified_gmt":"2024-01-15T11:48:39","slug":"politica-de-privacidad","status":"publish","type":"page","link":"https:\/\/ederaworking.com\/es\/politica-de-privacidad","title":{"rendered":"Pol\u00edtica de privacidad"},"content":{"rendered":"<div data-elementor-type=\"wp-page\" data-elementor-id=\"8348\" class=\"elementor elementor-8348\" data-elementor-post-type=\"page\">\n\t\t\t\t\t\t<section class=\"elementor-section elementor-top-section elementor-element elementor-element-2cefa76 elementor-section-boxed elementor-section-height-default elementor-section-height-default\" data-id=\"2cefa76\" data-element_type=\"section\" id=\"serveis\">\n\t\t\t\t\t\t<div class=\"elementor-container elementor-column-gap-default\">\n\t\t\t\t\t<div class=\"elementor-column elementor-col-100 elementor-top-column elementor-element elementor-element-0c8a7a6\" data-id=\"0c8a7a6\" data-element_type=\"column\">\n\t\t\t<div class=\"elementor-widget-wrap elementor-element-populated\">\n\t\t\t\t\t\t<div class=\"elementor-element elementor-element-32e0d22 elementor-widget elementor-widget-spacer\" data-id=\"32e0d22\" data-element_type=\"widget\" data-widget_type=\"spacer.default\">\n\t\t\t\t<div class=\"elementor-widget-container\">\n\t\t\t\t\t\t\t<div class=\"elementor-spacer\">\n\t\t\t<div class=\"elementor-spacer-inner\"><\/div>\n\t\t<\/div>\n\t\t\t\t\t\t<\/div>\n\t\t\t\t<\/div>\n\t\t\t\t\t<\/div>\n\t\t<\/div>\n\t\t\t\t\t<\/div>\n\t\t<\/section>\n\t\t\t\t<section class=\"elementor-section elementor-top-section elementor-element elementor-element-c4931b1 elementor-section-boxed elementor-section-height-default elementor-section-height-default elementor-invisible\" data-id=\"c4931b1\" data-element_type=\"section\" data-settings=\"{&quot;animation&quot;:&quot;fadeInUp&quot;}\">\n\t\t\t\t\t\t<div class=\"elementor-container elementor-column-gap-default\">\n\t\t\t\t\t<div class=\"elementor-column elementor-col-100 elementor-top-column elementor-element elementor-element-56f0471\" data-id=\"56f0471\" data-element_type=\"column\">\n\t\t\t<div class=\"elementor-widget-wrap elementor-element-populated\">\n\t\t\t\t\t\t<div class=\"elementor-element elementor-element-c1b25d4 a-tabletcenter aleft elementor-widget elementor-widget-wgl-double-heading\" data-id=\"c1b25d4\" data-element_type=\"widget\" data-widget_type=\"wgl-double-heading.default\">\n\t\t\t\t<div class=\"elementor-widget-container\">\n\t\t\t\t\t<div class=\"wgl-double-heading\"><h3 class=\"dblh__title-wrapper\"><span class=\"dblh__title dblh__title-1\">Pol\u00edtica de privacidad<\/span><\/h3><\/div>\t\t\t\t<\/div>\n\t\t\t\t<\/div>\n\t\t\t\t<div class=\"elementor-element elementor-element-c70e89a elementor-widget elementor-widget-spacer\" data-id=\"c70e89a\" data-element_type=\"widget\" data-widget_type=\"spacer.default\">\n\t\t\t\t<div class=\"elementor-widget-container\">\n\t\t\t\t\t\t\t<div class=\"elementor-spacer\">\n\t\t\t<div class=\"elementor-spacer-inner\"><\/div>\n\t\t<\/div>\n\t\t\t\t\t\t<\/div>\n\t\t\t\t<\/div>\n\t\t\t\t<div class=\"elementor-element elementor-element-596a972 elementor-widget elementor-widget-text-editor\" data-id=\"596a972\" data-element_type=\"widget\" data-widget_type=\"text-editor.default\">\n\t\t\t\t<div class=\"elementor-widget-container\">\n\t\t\t\t\t\t\t\t\t<p>En cumplimiento del REGLAMENTO (UE) 2016\/679 DEL PARLAMENTO EUROPEO Y DEL CONSEJO de 27 de abril de 2016, relativo a la protecci\u00f3n de las personas f\u00edsicas en lo que se refiere al tratamiento de datos personales ya la libre circulaci\u00f3n de estos datos ya la Ley Org\u00e1nica 3\/2018, de 5 de diciembre, de protecci\u00f3n de datos personales y garant\u00eda de los derechos digitales, queda informado de que los datos personales proporcionados por usted a trav\u00e9s del sitio web ederaworking.com (en adelante el sitio web), ser\u00e1n tratados en los siguientes t\u00e9rminos:<\/p><p><strong>Responsable del tratamiento<br \/><\/strong>Los datos personales recabados a trav\u00e9s de este sitio web ser\u00e1n tratados por Ederahelix Books SL, con domicilio para el ejercicio de derechos en Masia Cal Papiol s\/n La Bleda 08731 Sant Mart\u00ed Sarroca. E-mail: hola@ederaworking.com.<\/p><p><strong>Finalidades del tratamiento<br \/><\/strong>Informar sobre nuestros productos y servicios, cuando as\u00ed lo solicite mediante los formularios del sitio web o por correo electr\u00f3nico.<br \/>Dar respuesta y gestionar sus consultas, comentarios y sugerencias, en su caso.<br \/>Gestionar su participaci\u00f3n en presentes y futuros procesos de selecci\u00f3n, cuando nos haga llegar sus datos (incluido su curr\u00edculum) a tal fin.<br \/>Gestionar el pedido, en caso de que realice alg\u00fan pedido a trav\u00e9s del sitio web.<br \/>Con el fin de obtener informaci\u00f3n del uso del sitio web, se analiza el nombre de p\u00e1ginas visitadas, el nombre de visitas, as\u00ed como la actividad de los visitantes y su frecuencia de uso. A estos efectos, el RESPONSABLE utiliza informaci\u00f3n estad\u00edstica elaborada por el Proveedor de Servicios de Internet que no permite identificar al interesado en ning\u00fan momento.<\/p><p><strong>Legitimaci\u00f3n<br \/><\/strong>Consentimiento. Los datos personales obtenidos mediante los formularios del sitio web ser\u00e1n tratados s\u00f3lo sobre la base del consentimiento otorgado por parte del interesado, mediante la aceptaci\u00f3n de la casilla dispuesta a tal efecto. Este consentimiento puede retirarse en cualquier momento.<\/p><p>Inter\u00e9s leg\u00edtimo del responsable. La informaci\u00f3n estad\u00edstica obtenida del sitio web ser\u00e1 tratada sobre la base del inter\u00e9s leg\u00edtimo del responsable. Esta informaci\u00f3n no permite identificar al usuario.<\/p><p>Ejecut\u00f3 de un contrato. El tratamiento realizado para la gesti\u00f3n de las \u00f3rdenes solicitadas mediante la tienda online est\u00e1 basado en la ejecuci\u00f3n de un contrato del que el interesado es parte o para la aplicaci\u00f3n a su petici\u00f3n de medidas precontractuales.<\/p><p><strong>Destinatarios<br \/><\/strong>Los datos personales obtenidos a trav\u00e9s del sitio web podr\u00e1n ser comunicados a la entidad financiera correspondiente cuando sea necesario para gestionar el pago de los mandos realizados, as\u00ed como a la empresa de mensajer\u00eda, cuando sea necesario.<br \/>Los datos personales obtenidos a trav\u00e9s del sitio web podr\u00e1n ser comunicados a la entidad financiera correspondiente cuando sea necesario para gestionar el pago de los mandos realizados, as\u00ed como a la empresa de mensajer\u00eda, cuando sea necesario.<\/p><p><strong>Conservaci\u00f3n<br \/><\/strong>Los datos personales facilitados por el usuario para recibir comunicaciones comerciales ser\u00e1n conservados mientras el interesado no solicite la supresi\u00f3n o retire su consentimiento.<br \/>Cuando el usuario env\u00ede sus datos personales para participar en procesos de selecci\u00f3n del RESPONSABLE, los datos ser\u00e1n tratados para participar en presentes procesos de selecci\u00f3n y si no fuera seleccionado, se conservar\u00e1n los datos personales durante un per\u00edodo de dos a\u00f1os con el fin de poder contar con su participaci\u00f3n en futuros procesos.<br \/>Cuando el usuario env\u00ede sus datos para contactar con el RESPONSABLE, realizar consultas o sugerencias, los datos se conservar\u00e1n mientras sea necesario para esta finalidad y puedan derivarse responsabilidades del tratamiento.<br \/>Datos de tr\u00e1fico, estad\u00edsticas y visitas web: los datos ser\u00e1n conservados durante el plazo de tres a\u00f1os.<\/p><p><strong>Derechos<br \/><\/strong>Puede ejercer los derechos de acceso, rectificaci\u00f3n, supresi\u00f3n y portabilidad de sus datos y de limitaci\u00f3n y oposici\u00f3n a su tratamiento, mediante escrito acompa\u00f1ado de documento oficial que lo identifique dirigido a Ederahelix Books SL \u2013 Masia Cal Papiols \/n La Bleda 08731 San Mart\u00edn Sarroca. E-mail: hola@ederaworking.com.<\/p><p>Pol\u00edtica de protecci\u00f3n de menores<\/p><p>Quien facilita los datos a trav\u00e9s de los formularios de esta Web y acepta el tratamiento declara formalmente ser mayor de 18 a\u00f1os. Queda prohibido el acceso y uso del portal a menores de 14 a\u00f1os.<br \/>El RESPONSABLE recuerda a las personas mayores de edad que tengan menores a su cargo, que ser\u00e1 de su exclusiva responsabilidad si alg\u00fan menor incorporar sus datos para solicitar alg\u00fan producto.<br \/>Tambi\u00e9n se les informa que existen programas inform\u00e1ticos para limitar la navegaci\u00f3n mediante el flitraje o bloqueo de determinados contenidos.<\/p><p>Tratamiento derivado de las redes sociales<\/p><p>Al seguir nuestro perfil en las redes sociales, consiente expresamente en el tratamiento de los datos personales de acuerdo con la pol\u00edtica de privacidad de la correspondiente red socia<\/p>\t\t\t\t\t\t\t\t<\/div>\n\t\t\t\t<\/div>\n\t\t\t\t<div class=\"elementor-element elementor-element-679d929 elementor-widget elementor-widget-spacer\" data-id=\"679d929\" data-element_type=\"widget\" data-widget_type=\"spacer.default\">\n\t\t\t\t<div class=\"elementor-widget-container\">\n\t\t\t\t\t\t\t<div class=\"elementor-spacer\">\n\t\t\t<div class=\"elementor-spacer-inner\"><\/div>\n\t\t<\/div>\n\t\t\t\t\t\t<\/div>\n\t\t\t\t<\/div>\n\t\t\t\t\t<\/div>\n\t\t<\/div>\n\t\t\t\t\t<\/div>\n\t\t<\/section>\n\t\t\t\t<\/div>","protected":false},"excerpt":{"rendered":"<p>Pol\u00edtica de privacidad En cumplimiento del REGLAMENTO (UE) 2016\/679 DEL PARLAMENTO EUROPEO Y DEL CONSEJO de 27 de abril de 2016, relativo a la protecci\u00f3n de las personas f\u00edsicas en lo que se refiere al tratamiento de datos personales ya la libre circulaci\u00f3n de las mismas datos y en la Ley Org\u00e1nica 3\/2018, de 5 de diciembre, de protecci\u00f3n de datos [\u2026]<\/p>","protected":false},"author":3,"featured_media":0,"parent":0,"menu_order":0,"comment_status":"closed","ping_status":"closed","template":"","meta":{"_joinchat":[],"footnotes":""},"class_list":["post-8348","page","type-page","status-publish","hentry"],"_links":{"self":[{"href":"https:\/\/ederaworking.com\/es\/wp-json\/wp\/v2\/pages\/8348","targetHints":{"allow":["GET"]}}],"collection":[{"href":"https:\/\/ederaworking.com\/es\/wp-json\/wp\/v2\/pages"}],"about":[{"href":"https:\/\/ederaworking.com\/es\/wp-json\/wp\/v2\/types\/page"}],"author":[{"embeddable":true,"href":"https:\/\/ederaworking.com\/es\/wp-json\/wp\/v2\/users\/3"}],"replies":[{"embeddable":true,"href":"https:\/\/ederaworking.com\/es\/wp-json\/wp\/v2\/comments?post=8348"}],"version-history":[{"count":5,"href":"https:\/\/ederaworking.com\/es\/wp-json\/wp\/v2\/pages\/8348\/revisions"}],"predecessor-version":[{"id":9609,"href":"https:\/\/ederaworking.com\/es\/wp-json\/wp\/v2\/pages\/8348\/revisions\/9609"}],"wp:attachment":[{"href":"https:\/\/ederaworking.com\/es\/wp-json\/wp\/v2\/media?parent=8348"}],"curies":[{"name":"wp","href":"https:\/\/api.w.org\/{rel}","templated":true}]}}