{"id":9650,"date":"2024-09-24T06:15:30","date_gmt":"2024-09-24T04:15:30","guid":{"rendered":"https:\/\/ederaworking.com\/?page_id=9650"},"modified":"2024-12-09T09:20:56","modified_gmt":"2024-12-09T07:20:56","slug":"tarifa-coworking-vilafranca","status":"publish","type":"page","link":"https:\/\/ederaworking.com\/es\/tarifa-coworking-vilafranca","title":{"rendered":"Tarifas"},"content":{"rendered":"<div data-elementor-type=\"wp-page\" data-elementor-id=\"9650\" class=\"elementor elementor-9650\" data-elementor-post-type=\"page\">\n\t\t\t\t\t\t<section class=\"elementor-section elementor-top-section elementor-element elementor-element-fdb3775 elementor-section-boxed elementor-section-height-default elementor-section-height-default elementor-invisible\" data-id=\"fdb3775\" data-element_type=\"section\" data-settings=\"{&quot;animation&quot;:&quot;fadeInUp&quot;}\">\n\t\t\t\t\t\t<div class=\"elementor-container elementor-column-gap-default\">\n\t\t\t\t\t<div class=\"elementor-column elementor-col-100 elementor-top-column elementor-element elementor-element-9ae3fa4\" data-id=\"9ae3fa4\" data-element_type=\"column\">\n\t\t\t<div class=\"elementor-widget-wrap elementor-element-populated\">\n\t\t\t\t\t\t<div class=\"elementor-element elementor-element-89a609d elementor-widget-divider--view-line elementor-widget elementor-widget-divider\" data-id=\"89a609d\" data-element_type=\"widget\" data-widget_type=\"divider.default\">\n\t\t\t\t<div class=\"elementor-widget-container\">\n\t\t\t\t\t\t\t<div class=\"elementor-divider\">\n\t\t\t<span class=\"elementor-divider-separator\">\n\t\t\t\t\t\t<\/span>\n\t\t<\/div>\n\t\t\t\t\t\t<\/div>\n\t\t\t\t<\/div>\n\t\t\t\t<div class=\"elementor-element elementor-element-819ad57 elementor-widget elementor-widget-heading\" data-id=\"819ad57\" data-element_type=\"widget\" data-widget_type=\"heading.default\">\n\t\t\t\t<div class=\"elementor-widget-container\">\n\t\t\t\t\t<h2 class=\"elementor-heading-title elementor-size-default\">Consulta nuestras tarifas coworking Vilafranca y elige tu opci\u00f3n ideal<\/h2>\t\t\t\t<\/div>\n\t\t\t\t<\/div>\n\t\t\t\t<div class=\"elementor-element elementor-element-aa2da47 elementor-widget elementor-widget-spacer\" data-id=\"aa2da47\" data-element_type=\"widget\" data-widget_type=\"spacer.default\">\n\t\t\t\t<div class=\"elementor-widget-container\">\n\t\t\t\t\t\t\t<div class=\"elementor-spacer\">\n\t\t\t<div class=\"elementor-spacer-inner\"><\/div>\n\t\t<\/div>\n\t\t\t\t\t\t<\/div>\n\t\t\t\t<\/div>\n\t\t\t\t<div class=\"elementor-element elementor-element-c03f3d4 elementor-widget elementor-widget-text-editor\" data-id=\"c03f3d4\" data-element_type=\"widget\" data-widget_type=\"text-editor.default\">\n\t\t\t\t<div class=\"elementor-widget-container\">\n\t\t\t\t\t\t\t\t\t<p>En Ederaworking, ofrecemos tarifas competitivas y flexibles para todo aquel que busque un espacio de trabajo inspirador en Vilafranca del Pened\u00e8s. Nuestras tarifas coworking Vilafranca est\u00e1n dise\u00f1adas para adaptarse a distintas necesidades, ya seas un profesional independiente o parte de un equipo. Descubre la opci\u00f3n que mejor se ajusta a tu estilo de trabajo y disfruta de todas las comodidades que ofrecemos.<\/p>\t\t\t\t\t\t\t\t<\/div>\n\t\t\t\t<\/div>\n\t\t\t\t\t<\/div>\n\t\t<\/div>\n\t\t\t\t\t<\/div>\n\t\t<\/section>\n\t\t\t\t<section class=\"elementor-section elementor-top-section elementor-element elementor-element-76a7591 elementor-section-boxed elementor-section-height-default elementor-section-height-default\" data-id=\"76a7591\" data-element_type=\"section\" data-settings=\"{&quot;background_background&quot;:&quot;classic&quot;}\">\n\t\t\t\t\t\t<div class=\"elementor-container elementor-column-gap-default\">\n\t\t\t\t\t<div class=\"elementor-column elementor-col-100 elementor-top-column elementor-element elementor-element-f3d6f3b\" data-id=\"f3d6f3b\" data-element_type=\"column\">\n\t\t\t<div class=\"elementor-widget-wrap elementor-element-populated\">\n\t\t\t\t\t\t<section class=\"elementor-section elementor-inner-section elementor-element elementor-element-4fcfc99 elementor-section-boxed elementor-section-height-default elementor-section-height-default\" data-id=\"4fcfc99\" data-element_type=\"section\">\n\t\t\t\t\t\t<div class=\"elementor-container elementor-column-gap-default\">\n\t\t\t\t\t<div class=\"elementor-column elementor-col-33 elementor-inner-column elementor-element elementor-element-671843b elementor-invisible\" data-id=\"671843b\" data-element_type=\"column\" data-settings=\"{&quot;animation&quot;:&quot;fadeIn&quot;}\">\n\t\t\t<div class=\"elementor-widget-wrap elementor-element-populated\">\n\t\t\t\t\t\t<div class=\"elementor-element elementor-element-08ec444 aleft elementor-invisible elementor-widget elementor-widget-wgl-pricing-table\" data-id=\"08ec444\" data-element_type=\"widget\" data-settings=\"{&quot;_animation&quot;:&quot;fadeIn&quot;}\" data-widget_type=\"wgl-pricing-table.default\">\n\t\t\t\t<div class=\"elementor-widget-container\">\n\t\t\t\t\t<div class=\"wgl-pricing_plan\"><div class=\"pricing__wrapper\"><div class=\"pricing__header\"><h4 class=\"pricing__title\">Oficina privada jornada completa<\/h4><div class=\"pricing__price\"><span class=\"price__value\">Desde 250\u20ac<\/span><span class=\"price__period\">\/ mes<\/span><\/div><div class=\"pricing__description\"><\/div><\/div><div class=\"pricing__content\"><ul class=\"workalley_bubbles\"><li>Luz natural<\/li><li>Mobiliario ergon\u00f3mico<\/li><li>Uso salas de reuniones<br \/>seg\u00fan disponibilidad<\/li><li>Servicio fotocopiadora <br \/>multi funci\u00f3n<\/li><li>Espacio de descanso<\/li><li>Cocina-office a su alcance<\/li><li>Acceso 24 h por los coworkers<\/li><li>Luz natural<\/li><\/ul><\/div><div class=\"pricing__footer\"><\/div><\/div><\/div>\t\t\t\t<\/div>\n\t\t\t\t<\/div>\n\t\t\t\t\t<\/div>\n\t\t<\/div>\n\t\t\t\t<div class=\"elementor-column elementor-col-33 elementor-inner-column elementor-element elementor-element-2f47068 elementor-invisible\" data-id=\"2f47068\" data-element_type=\"column\" data-settings=\"{&quot;animation&quot;:&quot;fadeIn&quot;}\">\n\t\t\t<div class=\"elementor-widget-wrap elementor-element-populated\">\n\t\t\t\t\t\t<div class=\"elementor-element elementor-element-62039a8 aleft elementor-invisible elementor-widget elementor-widget-wgl-pricing-table\" data-id=\"62039a8\" data-element_type=\"widget\" data-settings=\"{&quot;_animation&quot;:&quot;fadeIn&quot;}\" data-widget_type=\"wgl-pricing-table.default\">\n\t\t\t\t<div class=\"elementor-widget-container\">\n\t\t\t\t\t<div class=\"wgl-pricing_plan\"><div class=\"pricing__wrapper\"><div class=\"pricing__header\"><h4 class=\"pricing__title\">Espacio flexible jornada completa<\/h4><div class=\"pricing__price\"><span class=\"price__value\">Desde 95\u20ac<\/span><span class=\"price__period\">\/ mes<\/span><\/div><div class=\"pricing__description\"><\/div><\/div><div class=\"pricing__content\"><ul class=\"workalley_bubbles\"><li>Espacio di\u00e1fano y bien iluminado<\/li><li>Posibilidad de uso continuado <br \/>o bien puntual<\/li><li>Mobiliario ergon\u00f3mico<\/li><li>Uso salas de reuniones <br \/>seg\u00fan disponibilidad<\/li><li>Servicio fotocopiadora <br \/>multi funci\u00f3n <\/li><li>Espacio de descanso<\/li><li>Cocina-office a su alcance<\/li><li>Acceso 24 h por los coworkers <\/li><\/ul><\/div><div class=\"pricing__footer\"><\/div><\/div><\/div>\t\t\t\t<\/div>\n\t\t\t\t<\/div>\n\t\t\t\t\t<\/div>\n\t\t<\/div>\n\t\t\t\t<div class=\"elementor-column elementor-col-33 elementor-inner-column elementor-element elementor-element-2d48d8c elementor-invisible\" data-id=\"2d48d8c\" data-element_type=\"column\" data-settings=\"{&quot;animation&quot;:&quot;fadeIn&quot;}\">\n\t\t\t<div class=\"elementor-widget-wrap elementor-element-populated\">\n\t\t\t\t\t\t<div class=\"elementor-element elementor-element-76c92e7 aleft elementor-invisible elementor-widget elementor-widget-wgl-pricing-table\" data-id=\"76c92e7\" data-element_type=\"widget\" data-settings=\"{&quot;_animation&quot;:&quot;fadeIn&quot;}\" data-widget_type=\"wgl-pricing-table.default\">\n\t\t\t\t<div class=\"elementor-widget-container\">\n\t\t\t\t\t<div class=\"wgl-pricing_plan\"><div class=\"pricing__wrapper\"><div class=\"pricing__header\"><h4 class=\"pricing__title\">Espacio flexible media jornada<\/h4><div class=\"pricing__price\"><span class=\"price__value\">Desde 70\u20ac<\/span><span class=\"price__period\">\/ mes<\/span><\/div><div class=\"pricing__description\"><\/div><\/div><div class=\"pricing__content\"><ul class=\"workalley_bubbles\"><li>Espacio di\u00e1fano y bien iluminado<\/li><li>Posibilidad de uso continuado<br \/>o bien puntual<\/li><li>Mobiliario ergon\u00f3mico<\/li><li>Uso salas de reuniones<br \/>seg\u00fan disponibilidad<\/li><li>Servicio fotocopiadora<br \/>multi funci\u00f3n<\/li><li>Espacio de descanso<\/li><li>Cocina-office a su alcance<\/li><li>Acceso de 8h a 14h<br \/>o de 14 ha 22 h<br \/>de lunes a viernes<\/li><\/ul><\/div><div class=\"pricing__footer\"><\/div><\/div><\/div>\t\t\t\t<\/div>\n\t\t\t\t<\/div>\n\t\t\t\t\t<\/div>\n\t\t<\/div>\n\t\t\t\t\t<\/div>\n\t\t<\/section>\n\t\t\t\t<div class=\"elementor-element elementor-element-30ca4cd elementor-widget elementor-widget-spacer\" data-id=\"30ca4cd\" data-element_type=\"widget\" data-widget_type=\"spacer.default\">\n\t\t\t\t<div class=\"elementor-widget-container\">\n\t\t\t\t\t\t\t<div class=\"elementor-spacer\">\n\t\t\t<div class=\"elementor-spacer-inner\"><\/div>\n\t\t<\/div>\n\t\t\t\t\t\t<\/div>\n\t\t\t\t<\/div>\n\t\t\t\t<section class=\"elementor-section elementor-inner-section elementor-element elementor-element-4869fe1 elementor-section-boxed elementor-section-height-default elementor-section-height-default\" data-id=\"4869fe1\" data-element_type=\"section\">\n\t\t\t\t\t\t<div class=\"elementor-container elementor-column-gap-default\">\n\t\t\t\t\t<div class=\"elementor-column elementor-col-33 elementor-inner-column elementor-element elementor-element-e84c3b2 elementor-invisible\" data-id=\"e84c3b2\" data-element_type=\"column\" data-settings=\"{&quot;animation&quot;:&quot;fadeIn&quot;}\">\n\t\t\t<div class=\"elementor-widget-wrap elementor-element-populated\">\n\t\t\t\t\t\t<div class=\"elementor-element elementor-element-2ce9dd1 aleft elementor-invisible elementor-widget elementor-widget-wgl-pricing-table\" data-id=\"2ce9dd1\" data-element_type=\"widget\" data-settings=\"{&quot;_animation&quot;:&quot;fadeIn&quot;}\" data-widget_type=\"wgl-pricing-table.default\">\n\t\t\t\t<div class=\"elementor-widget-container\">\n\t\t\t\t\t<div class=\"wgl-pricing_plan\"><div class=\"pricing__wrapper\"><div class=\"pricing__header\"><h4 class=\"pricing__title\">Espacio flexible 1 d\u00eda<\/h4><div class=\"pricing__price\"><span class=\"price__value\">Desde 25\u20ac<\/span><span class=\"price__period\">\/ d\u00eda<\/span><\/div><div class=\"pricing__description\"><\/div><\/div><div class=\"pricing__content\"><ul class=\"workalley_bubbles\">\n \t<li>De 9 ha 18 h<\/li>\n \t<li>Uso habitual para coworkers seg\u00fan disponibilidad<\/li>\n \t<li>Uso puntual previa reserva para los no coworkers en horario comercial<\/li>\n \t<li>Equipos necesarios a su alcance<\/li>\n \t<li>Mobiliario ergon\u00f3mico<\/li>\n<\/ul><\/div><div class=\"pricing__footer\"><\/div><\/div><\/div>\t\t\t\t<\/div>\n\t\t\t\t<\/div>\n\t\t\t\t\t<\/div>\n\t\t<\/div>\n\t\t\t\t<div class=\"elementor-column elementor-col-33 elementor-inner-column elementor-element elementor-element-c011da0 elementor-invisible\" data-id=\"c011da0\" data-element_type=\"column\" data-settings=\"{&quot;animation&quot;:&quot;fadeIn&quot;}\">\n\t\t\t<div class=\"elementor-widget-wrap elementor-element-populated\">\n\t\t\t\t\t\t<div class=\"elementor-element elementor-element-49d80b4 aleft elementor-invisible elementor-widget elementor-widget-wgl-pricing-table\" data-id=\"49d80b4\" data-element_type=\"widget\" data-settings=\"{&quot;_animation&quot;:&quot;fadeIn&quot;}\" data-widget_type=\"wgl-pricing-table.default\">\n\t\t\t\t<div class=\"elementor-widget-container\">\n\t\t\t\t\t<div class=\"wgl-pricing_plan\"><div class=\"pricing__wrapper\"><div class=\"pricing__header\"><h4 class=\"pricing__title\">Alquiler puntual<\/h4><div class=\"pricing__price\"><span class=\"price__value\">Desde 10\u20ac<\/span><span class=\"price__period\">\/ hora<\/span><\/div><div class=\"pricing__description\"><\/div><\/div><div class=\"pricing__content\"><ul class=\"workalley_bubbles\"><li>Uso habitual por los coworkers <br \/>seg\u00fan disponibilidad<\/li><li>Uso puntual previa reserva para los no coworkers <br \/>en horario comercial<\/li><li>Equipos necesarios a su alcance<\/li><li>Mobiliario ergon\u00f3mico<\/li><\/ul><\/div><div class=\"pricing__footer\"><\/div><\/div><\/div>\t\t\t\t<\/div>\n\t\t\t\t<\/div>\n\t\t\t\t\t<\/div>\n\t\t<\/div>\n\t\t\t\t<div class=\"elementor-column elementor-col-33 elementor-inner-column elementor-element elementor-element-6a185dc elementor-invisible\" data-id=\"6a185dc\" data-element_type=\"column\" data-settings=\"{&quot;animation&quot;:&quot;fadeIn&quot;}\">\n\t\t\t<div class=\"elementor-widget-wrap elementor-element-populated\">\n\t\t\t\t\t\t<div class=\"elementor-element elementor-element-9e9da37 aleft elementor-invisible elementor-widget elementor-widget-wgl-pricing-table\" data-id=\"9e9da37\" data-element_type=\"widget\" data-settings=\"{&quot;_animation&quot;:&quot;fadeIn&quot;}\" data-widget_type=\"wgl-pricing-table.default\">\n\t\t\t\t<div class=\"elementor-widget-container\">\n\t\t\t\t\t<div class=\"wgl-pricing_plan\"><div class=\"pricing__wrapper\"><div class=\"pricing__header\"><h4 class=\"pricing__title\">Oficina virtual<\/h4><div class=\"pricing__price\"><span class=\"price__value\">Desde 35\u20ac<\/span><span class=\"price__period\">\/ mes<\/span><\/div><div class=\"pricing__description\"><\/div><\/div><div class=\"pricing__content\"><ul class=\"workalley_bubbles\"><li>Utilizaci\u00f3n de la direcci\u00f3n<br \/>de Ederaworking para fines <br \/>comerciales<\/li><li>Domiciliaci\u00f3n social<\/li><li>Domiciliaci\u00f3n fiscal<\/li><li>Recepci\u00f3n de correspondencia<\/li><\/ul><\/div><div class=\"pricing__footer\"><\/div><\/div><\/div>\t\t\t\t<\/div>\n\t\t\t\t<\/div>\n\t\t\t\t\t<\/div>\n\t\t<\/div>\n\t\t\t\t\t<\/div>\n\t\t<\/section>\n\t\t\t\t\t<\/div>\n\t\t<\/div>\n\t\t\t\t\t<\/div>\n\t\t<\/section>\n\t\t\t\t<\/div>","protected":false},"excerpt":{"rendered":"<p>Consulta nuestras tarifas coworking Vilafranca y elige tu opci\u00f3n ideal En Ederaworking, ofrecemos tarifas competitivas y flexibles para todo aquel que busque un espacio de trabajo inspirador en Vilafranca del Pened\u00e8s. Nuestras tarifas coworking Vilafranca est\u00e1n dise\u00f1adas para adaptarse a distintas necesidades, ya seas un profesional independiente o parte de un equipo. Descubre [\u2026]<\/p>","protected":false},"author":3,"featured_media":0,"parent":0,"menu_order":0,"comment_status":"closed","ping_status":"closed","template":"","meta":{"_joinchat":[],"footnotes":""},"class_list":["post-9650","page","type-page","status-publish","hentry"],"_links":{"self":[{"href":"https:\/\/ederaworking.com\/es\/wp-json\/wp\/v2\/pages\/9650","targetHints":{"allow":["GET"]}}],"collection":[{"href":"https:\/\/ederaworking.com\/es\/wp-json\/wp\/v2\/pages"}],"about":[{"href":"https:\/\/ederaworking.com\/es\/wp-json\/wp\/v2\/types\/page"}],"author":[{"embeddable":true,"href":"https:\/\/ederaworking.com\/es\/wp-json\/wp\/v2\/users\/3"}],"replies":[{"embeddable":true,"href":"https:\/\/ederaworking.com\/es\/wp-json\/wp\/v2\/comments?post=9650"}],"version-history":[{"count":11,"href":"https:\/\/ederaworking.com\/es\/wp-json\/wp\/v2\/pages\/9650\/revisions"}],"predecessor-version":[{"id":9918,"href":"https:\/\/ederaworking.com\/es\/wp-json\/wp\/v2\/pages\/9650\/revisions\/9918"}],"wp:attachment":[{"href":"https:\/\/ederaworking.com\/es\/wp-json\/wp\/v2\/media?parent=9650"}],"curies":[{"name":"wp","href":"https:\/\/api.w.org\/{rel}","templated":true}]}}