{"id":9706,"date":"2024-09-24T07:24:12","date_gmt":"2024-09-24T05:24:12","guid":{"rendered":"https:\/\/ederaworking.com\/?page_id=9706"},"modified":"2024-10-08T15:07:08","modified_gmt":"2024-10-08T13:07:08","slug":"la-comunidad","status":"publish","type":"page","link":"https:\/\/ederaworking.com\/es\/la-comunidad","title":{"rendered":"La comunidad"},"content":{"rendered":"<div data-elementor-type=\"wp-page\" data-elementor-id=\"9706\" class=\"elementor elementor-9706\" data-elementor-post-type=\"page\">\n\t\t\t\t\t\t<section class=\"elementor-section elementor-top-section elementor-element elementor-element-f663365 elementor-section-boxed elementor-section-height-default elementor-section-height-default\" data-id=\"f663365\" data-element_type=\"section\" data-settings=\"{&quot;background_background&quot;:&quot;classic&quot;}\">\n\t\t\t\t\t\t<div class=\"elementor-container elementor-column-gap-default\">\n\t\t\t\t\t<div class=\"elementor-column elementor-col-100 elementor-top-column elementor-element elementor-element-1c1062d\" data-id=\"1c1062d\" data-element_type=\"column\">\n\t\t\t<div class=\"elementor-widget-wrap elementor-element-populated\">\n\t\t\t\t\t\t<section class=\"elementor-section elementor-inner-section elementor-element elementor-element-795ae32 elementor-section-boxed elementor-section-height-default elementor-section-height-default\" data-id=\"795ae32\" data-element_type=\"section\">\n\t\t\t\t\t\t<div class=\"elementor-container elementor-column-gap-default\">\n\t\t\t\t\t<div class=\"elementor-column elementor-col-100 elementor-inner-column elementor-element elementor-element-19f904f\" data-id=\"19f904f\" data-element_type=\"column\">\n\t\t\t<div class=\"elementor-widget-wrap elementor-element-populated\">\n\t\t\t\t\t\t<div class=\"elementor-element elementor-element-6d48601 aleft elementor-invisible elementor-widget elementor-widget-wgl-testimonials\" data-id=\"6d48601\" data-element_type=\"widget\" data-settings=\"{&quot;_animation&quot;:&quot;fadeIn&quot;}\" data-widget_type=\"wgl-testimonials.default\">\n\t\t\t\t<div class=\"elementor-widget-container\">\n\t\t\t\t\t<div class=\"wgl-testimonials type-top_inline\"><div class=\"testimonial__wrapper wgl_col-4\"><div class=\"testimonial__item elementor-repeater-item-5fb7fe6\"><div class=\"item__author\"><div class=\"author__thumbnail\"><img decoding=\"async\" src=\"https:\/\/ederaworking.com\/wp-content\/uploads\/2024\/09\/AIKIDO-80x80.jpg\" alt=\"Aikido photo\" title=\"\"><\/div><div class=\"author__meta\"><h3 class=\"author__name\">Aikido<\/h3><\/div><\/div><div class=\"item__content\"><div class=\"item__quote\"><p><span>Quiromasaje + terapias alternativas integrales.<\/span><\/p><\/div><div class=\"item__meta\"><span class=\"item__date\">637 09 07 28 (quiromasaje) 617 15 31 15 (terapias)<\/span><\/div><\/div><\/div><\/div><div class=\"testimonial__wrapper wgl_col-4\"><div class=\"testimonial__item elementor-repeater-item-4b959e3\"><div class=\"item__author\"><div class=\"author__thumbnail\"><img decoding=\"async\" src=\"https:\/\/ederaworking.com\/wp-content\/uploads\/2024\/09\/Edicions-i-propostes-culturals-andana-80x80.png\" alt=\"Ediciones y propuestas culturales Andana photo\" title=\"\"><\/div><div class=\"author__meta\"><h3 class=\"author__name\">Ediciones y propuestas culturales Andana<\/h3><\/div><\/div><div class=\"item__content\"><div class=\"item__quote\"><p><span>Editor de libros de tipolog\u00eda var\u00eda.<\/span><\/p><p>\u00a0<\/p><p>\u00a0<\/p><\/div><div class=\"item__meta\"><\/div><\/div><\/div><\/div><div class=\"testimonial__wrapper wgl_col-4\"><div class=\"testimonial__item elementor-repeater-item-d30461b\"><div class=\"item__author\"><div class=\"author__thumbnail\"><img decoding=\"async\" src=\"https:\/\/ederaworking.com\/wp-content\/uploads\/2024\/01\/favicon-80x80.png\" alt=\"Emun\u00e1 photo\" title=\"\"><\/div><div class=\"author__meta\"><h3 class=\"author__name\">Emun\u00e1<\/h3><\/div><\/div><div class=\"item__content\"><div class=\"item__quote\"><p><span>Psicolog\u00eda y terapias alternativas.<\/span><\/p><p>\u00a0<\/p><p>\u00a0<\/p><\/div><div class=\"item__meta\"><\/div><\/div><\/div><\/div><div class=\"testimonial__wrapper wgl_col-4\"><div class=\"testimonial__item elementor-repeater-item-8b9d894\"><div class=\"item__author\"><div class=\"author__thumbnail\"><img decoding=\"async\" src=\"http:\/\/ederaworking.com\/wp-content\/uploads\/2024\/01\/idea-logo-1-80x80.jpg\" alt=\"Idea Viajes photo\" title=\"\"><\/div><div class=\"author__meta\"><h3 class=\"author__name\">Idea Viajes<\/h3><\/div><\/div><div class=\"item__content\"><div class=\"item__quote\"><p>Agencia de viajes a medida en todo el mundo especializado en cruceros.<\/p><\/div><div class=\"item__meta\"><\/div><\/div><\/div><\/div><div class=\"testimonial__wrapper wgl_col-4\"><div class=\"testimonial__item elementor-repeater-item-2c0c78a\"><div class=\"item__author\"><div class=\"author__thumbnail\"><img decoding=\"async\" src=\"https:\/\/ederaworking.com\/wp-content\/uploads\/2024\/09\/IOT-Electronic-80x80.jpg\" alt=\"IOT Electronics photo\" title=\"\"><\/div><div class=\"author__meta\"><h3 class=\"author__name\">IOT Electronics<\/h3><\/div><\/div><div class=\"item__content\"><div class=\"item__quote\"><p><span>Programaci\u00f3n<\/span><span>\u00a0industrial<\/span><\/p><\/div><div class=\"item__meta\"><span class=\"item__date\">613 02 29 81 info@iotelectronic.com<\/span><\/div><\/div><\/div><\/div><div class=\"testimonial__wrapper wgl_col-4\"><div class=\"testimonial__item elementor-repeater-item-833766f\"><div class=\"item__author\"><div class=\"author__thumbnail\"><img decoding=\"async\" src=\"https:\/\/ederaworking.com\/wp-content\/uploads\/2024\/09\/LUCIA-80x80.png\" alt=\"Luc\u00eda photo\" title=\"\"><\/div><div class=\"author__meta\"><h3 class=\"author__name\">Luc\u00eda<\/h3><\/div><\/div><div class=\"item__content\"><div class=\"item__quote\"><p><span class=\"hiddenSpellError\">Tarotista<\/span><span>\u00a0con m\u00e1s de\u00a0<\/span><span class=\"hiddenGreenError\">40<\/span><span>\u00a0a\u00f1os de experiencia y\u00a0<\/span><span>terapias<\/span><span>\u00a0alternativas. P\u00e9ndulo<\/span><span>\u00a0<\/span><span class=\"hiddenSpellError\">hebreo<\/span><span>.<\/span><\/p><\/div><div class=\"item__meta\"><span class=\"item__date\">627 63 54 79<\/span><\/div><\/div><\/div><\/div><div class=\"testimonial__wrapper wgl_col-4\"><div class=\"testimonial__item elementor-repeater-item-f05f20e\"><div class=\"item__author\"><div class=\"author__thumbnail\"><img decoding=\"async\" src=\"https:\/\/ederaworking.com\/wp-content\/uploads\/2024\/09\/RED_VANDERS-80x80.jpg\" alt=\"Red Vanders photo\" title=\"\"><\/div><div class=\"author__meta\"><h3 class=\"author__name\">Red Vanders<\/h3><\/div><\/div><div class=\"item__content\"><div class=\"item__quote\"><p><span>Inmobiliaria dedicada a la compra - venta y alquiler de inmuebles varios en la zona del Gran Pened\u00e8s y Barcelona ciudad.<\/span><\/p><\/div><div class=\"item__meta\"><\/div><\/div><\/div><\/div><div class=\"testimonial__wrapper wgl_col-4\"><div class=\"testimonial__item elementor-repeater-item-74db7d7\"><div class=\"item__author\"><div class=\"author__thumbnail\"><img decoding=\"async\" src=\"https:\/\/ederaworking.com\/wp-content\/uploads\/2024\/09\/ROYSER-80x80.jpg\" alt=\"Royser photo\" title=\"\"><\/div><div class=\"author__meta\"><h3 class=\"author__name\">Royser<\/h3><\/div><\/div><div class=\"item__content\"><div class=\"item__quote\"><p><span style=\"font-weight: 400\">\u00a0Gestor\u00eda especializada en tr\u00e1mites administrativos por inmigraci\u00f3n, gestor\u00eda PYMES y tr\u00e1mites relacionados con veh\u00edculos. <\/span><\/p><\/div><div class=\"item__meta\"><span class=\"item__date\">616 77 98 21<\/span><\/div><\/div><\/div><\/div><div class=\"testimonial__wrapper wgl_col-4\"><div class=\"testimonial__item elementor-repeater-item-26805d1\"><div class=\"item__author\"><div class=\"author__thumbnail\"><img decoding=\"async\" src=\"https:\/\/ederaworking.com\/wp-content\/uploads\/2024\/09\/VEFIX-80x80.png\" alt=\"Vefix photo\" title=\"\"><\/div><div class=\"author__meta\"><h3 class=\"author__name\">Vefijo<\/h3><\/div><\/div><div class=\"item__content\"><div class=\"item__quote\"><p><span>Programaci\u00f3n<\/span><span>\u00a0industrial<\/span><\/p><\/div><div class=\"item__meta\"><span class=\"item__date\">650 68 20 68 xventura@vefix.cat<\/span><\/div><\/div><\/div><\/div><\/div>\t\t\t\t<\/div>\n\t\t\t\t<\/div>\n\t\t\t\t\t<\/div>\n\t\t<\/div>\n\t\t\t\t\t<\/div>\n\t\t<\/section>\n\t\t\t\t\t<\/div>\n\t\t<\/div>\n\t\t\t\t\t<\/div>\n\t\t<\/section>\n\t\t\t\t<\/div>","protected":false},"excerpt":{"rendered":"<p>Aikido Quiromasaje + terapias alternativas integrales. 637 09 07 28 (quiromasaje) 617 15 31 15 (terapias) Ediciones y propuestas culturales Andana Editor de libros de tipolog\u00eda var\u00eda.   Emun\u00e1 Psicolog\u00eda y terapias alternativas.   Idea Viajes Agencia de viajes a medida en todo el mundo especializado en cruceros. IOT Electronics Programaci\u00f3n industrial 613 02 29 [\u2026]<\/p>","protected":false},"author":3,"featured_media":0,"parent":0,"menu_order":0,"comment_status":"closed","ping_status":"closed","template":"","meta":{"_joinchat":[],"footnotes":""},"class_list":["post-9706","page","type-page","status-publish","hentry"],"_links":{"self":[{"href":"https:\/\/ederaworking.com\/es\/wp-json\/wp\/v2\/pages\/9706","targetHints":{"allow":["GET"]}}],"collection":[{"href":"https:\/\/ederaworking.com\/es\/wp-json\/wp\/v2\/pages"}],"about":[{"href":"https:\/\/ederaworking.com\/es\/wp-json\/wp\/v2\/types\/page"}],"author":[{"embeddable":true,"href":"https:\/\/ederaworking.com\/es\/wp-json\/wp\/v2\/users\/3"}],"replies":[{"embeddable":true,"href":"https:\/\/ederaworking.com\/es\/wp-json\/wp\/v2\/comments?post=9706"}],"version-history":[{"count":5,"href":"https:\/\/ederaworking.com\/es\/wp-json\/wp\/v2\/pages\/9706\/revisions"}],"predecessor-version":[{"id":9780,"href":"https:\/\/ederaworking.com\/es\/wp-json\/wp\/v2\/pages\/9706\/revisions\/9780"}],"wp:attachment":[{"href":"https:\/\/ederaworking.com\/es\/wp-json\/wp\/v2\/media?parent=9706"}],"curies":[{"name":"wp","href":"https:\/\/api.w.org\/{rel}","templated":true}]}}